{"id":7,"date":"2023-10-13T19:53:57","date_gmt":"2023-10-13T17:53:57","guid":{"rendered":"https:\/\/immotaxe.ch\/?page_id=7"},"modified":"2026-01-14T12:17:07","modified_gmt":"2026-01-14T11:17:07","slug":"homepage","status":"publish","type":"page","link":"https:\/\/immotaxe.ch\/","title":{"rendered":"Accueil"},"content":{"rendered":"\n<h4 class=\"wp-block-heading has-text-align-left\"><strong>Expertises immobili\u00e8res<\/strong><\/h4>\n\n\n\n<p class=\"has-medium-font-size\">A la fin de l\u2019ann\u00e9e 2025, j&rsquo;ai termin\u00e9 mon activit\u00e9 professionnelle d\u2019expertises immobili\u00e8res, d\u00e9but\u00e9e en 1997, afin de profiter d\u2019une pr\u00e9-retraite &#8230;<\/p>\n\n\n\n<p class=\"has-medium-font-size\">Je remercie chaleureusement toutes les personnes qui m\u2019ont fait confiance durant toutes ces ann\u00e9es.<\/p>\n\n\n\n<p class=\"has-text-align-right\">Nicolas<\/p>\n\n\n\n<hr class=\"wp-block-separator has-alpha-channel-opacity\"\/>\n\n\n\n<div class=\"wp-block-media-text is-stacked-on-mobile\" style=\"padding-top:25px;padding-bottom:25px;grid-template-columns:24% auto\"><figure class=\"wp-block-media-text__media\"><img loading=\"lazy\" decoding=\"async\" width=\"1024\" height=\"922\" src=\"http:\/\/immotaxe.ch\/wp-content\/uploads\/2023\/10\/Plume_2-1024x922.png\" alt=\"\" class=\"wp-image-115 size-full\" srcset=\"https:\/\/immotaxe.ch\/wp-content\/uploads\/2023\/10\/Plume_2-1024x922.png 1024w, https:\/\/immotaxe.ch\/wp-content\/uploads\/2023\/10\/Plume_2-300x270.png 300w, https:\/\/immotaxe.ch\/wp-content\/uploads\/2023\/10\/Plume_2-768x692.png 768w, https:\/\/immotaxe.ch\/wp-content\/uploads\/2023\/10\/Plume_2.png 1300w\" sizes=\"auto, (max-width: 1024px) 100vw, 1024px\" \/><\/figure><div class=\"wp-block-media-text__content\">\n<p><strong>Adresse\u00a0:<\/strong><br>Pouly Nicolas Expertises S\u00e0rl, en liquidation<br>C\/O Kb Fiduciaire S\u00e0rl<br>Route de la Creuse 11<br>1525 Seigneux<br>Mobile : +41 (0)79 230 31 46<br><strong>E-mail :<\/strong><br>contact (at) immotaxe.ch<\/p>\n<\/div><\/div>\n\n\n\n<p><\/p>\n","protected":false},"excerpt":{"rendered":"<p>Expertises immobili\u00e8res A la fin de l\u2019ann\u00e9e 2025, j&rsquo;ai termin\u00e9 mon activit\u00e9 professionnelle d\u2019expertises immobili\u00e8res, d\u00e9but\u00e9e en 1997, afin de profiter d\u2019une pr\u00e9-retraite &#8230; Je remercie chaleureusement toutes les personnes qui m\u2019ont fait confiance durant toutes ces ann\u00e9es. Nicolas Adresse\u00a0:Pouly Nicolas Expertises S\u00e0rl, en liquidationC\/O Kb Fiduciaire S\u00e0rlRoute de la Creuse 111525 SeigneuxMobile : +41 [&hellip;]<\/p>\n","protected":false},"author":1,"featured_media":179,"parent":0,"menu_order":0,"comment_status":"closed","ping_status":"closed","template":"","meta":{"footnotes":""},"class_list":["post-7","page","type-page","status-publish","has-post-thumbnail","hentry"],"_links":{"self":[{"href":"https:\/\/immotaxe.ch\/index.php?rest_route=\/wp\/v2\/pages\/7","targetHints":{"allow":["GET"]}}],"collection":[{"href":"https:\/\/immotaxe.ch\/index.php?rest_route=\/wp\/v2\/pages"}],"about":[{"href":"https:\/\/immotaxe.ch\/index.php?rest_route=\/wp\/v2\/types\/page"}],"author":[{"embeddable":true,"href":"https:\/\/immotaxe.ch\/index.php?rest_route=\/wp\/v2\/users\/1"}],"replies":[{"embeddable":true,"href":"https:\/\/immotaxe.ch\/index.php?rest_route=%2Fwp%2Fv2%2Fcomments&post=7"}],"version-history":[{"count":42,"href":"https:\/\/immotaxe.ch\/index.php?rest_route=\/wp\/v2\/pages\/7\/revisions"}],"predecessor-version":[{"id":187,"href":"https:\/\/immotaxe.ch\/index.php?rest_route=\/wp\/v2\/pages\/7\/revisions\/187"}],"wp:featuredmedia":[{"embeddable":true,"href":"https:\/\/immotaxe.ch\/index.php?rest_route=\/wp\/v2\/media\/179"}],"wp:attachment":[{"href":"https:\/\/immotaxe.ch\/index.php?rest_route=%2Fwp%2Fv2%2Fmedia&parent=7"}],"curies":[{"name":"wp","href":"https:\/\/api.w.org\/{rel}","templated":true}]}}